{"id":673,"date":"2022-11-06T22:22:30","date_gmt":"2022-11-06T22:22:30","guid":{"rendered":"https:\/\/evropskozakonodavstvo.rs\/reviewer-list\/"},"modified":"2025-06-22T07:20:06","modified_gmt":"2025-06-22T07:20:06","slug":"reviewer-list","status":"publish","type":"page","link":"https:\/\/evropskozakonodavstvo.rs\/en\/reviewer-list\/","title":{"rendered":"Reviewer List"},"content":{"rendered":"\n<h2 class=\"wp-block-heading\">Reviewer List<\/h2>\n\n<ul class=\"wp-block-list has-medium-font-size\">\n<li>Predrag Bjeli\u0107, full professor, University of Belgrade, Faculty of Economics<\/li>\n\n\n\n<li>Ivana Krsti\u0107, full professor, University of Belgrade, Faculty of Law<\/li>\n\n\n\n<li>Tatjana Jevremovi\u0107-Petrovi\u0107, full professor, University of Belgrade, Faculty of Law<\/li>\n\n\n\n<li>Mi\u0161a \u0110urkovi\u0107, principal research fellow, Institute of European Studies, Belgrade<\/li>\n\n\n\n<li>Blagoje Babi\u0107, full professor, Institute of International Politics and Economics, Belgrade<\/li>\n\n\n\n<li>Maja Stanivukovi\u0107, full professor, Faculty of Law, University of Novi Sad<\/li>\n\n\n\n<li>Maja Kosti\u0107-Mandi\u0107, full professor, Faculty of Law, University of Montenegro, Podgorica, Montenegro<\/li>\n\n\n\n<li>Gordana Ili\u0107-Gasmi, full professor, Institute of Comparative Law, Belgrade<\/li>\n\n\n\n<li>Dragan \u0110ukanovi\u0107, full professor, Faculty of Political Sciences, Belgrade<\/li>\n\n\n\n<li>Joachim Becker, full professor, Institute for International Economics and Development, University of Economics and Business, Vienna, Austria<\/li>\n\n\n\n<li>Jelena Lopi\u010di\u0107, full professor, Faculty of Diplomacy and Security, Belgrade<\/li>\n\n\n\n<li>Igor Janev, principal research fellow, Institute for Political Studies, Belgrade<\/li>\n\n\n\n<li>Du\u0161ko Lopandi\u0107, retired ambassador, Ministry of Foreign Affairs of the Republic of Serbia<\/li>\n\n\n\n<li>Slobodan Samard\u017ei\u0107, full professor, Faculty of Political Science, Belgrade<\/li>\n\n\n\n<li>Miomir Jak\u0161i\u0107, full professor, University of Belgrade, Faculty of Economics<\/li>\n\n\n\n<li>Jelena \u0106erani\u0107 Peri\u0161i\u0107, principal research fellow, Institute of Comparative Law, Belgrade<\/li>\n\n\n\n<li>Bojana \u010cu\u010dkovi\u0107, associate professor, University of Belgrade, Faculty of Law<\/li>\n\n\n\n<li>Aleksandar Gaji\u0107, associate professor, University of Belgrade, Faculty of Law<\/li>\n\n\n\n<li>Milo\u0161 Jovanovi\u0107, assistant professor, University of Belgrade, Faculty of Law<\/li>\n\n\n\n<li>Neven Cveti\u0107anin, principal research fellow, Institute of Social Sciences, Belgrade<\/li>\n\n\n\n<li>Nina Markovi\u0107 Kaze, Associate Professor, Security Studies and Criminology, Macquarie University, Sydney, Australia<\/li>\n\n\n\n<li>Ana Jovi\u0107 Lazi\u0107, senior research fellow, Institute of International Politics and Economics, Belgrade<\/li>\n\n\n\n<li>Sanja Jelisavac Tro\u0161i\u0107, senior research fellow, Institute of International Politics and Economics, Belgrade<\/li>\n\n\n\n<li>Ana \u010covi\u0107, principal research fellow, Institute for Political Studies, Beograd<\/li>\n\n\n\n<li>Sr\u0111an Kora\u0107, senior research fellow, Institute for Political Studies, Belgrade<\/li>\n\n\n\n<li>Stevan Rapai\u0107, senior research fellow, Institute for Political Studies, Belgrade<\/li>\n\n\n\n<li>\u017daklina Novi\u010di\u0107, research fellow, Institute of International Politics and Economics, Belgrade<\/li>\n\n\n\n<li>Marija Vlajkovi\u0107, assistant, University of Belgrade, Faculty of Law<\/li>\n<\/ul>\n","protected":false},"excerpt":{"rendered":"<p>Reviewer List<\/p>\n","protected":false},"author":1,"featured_media":0,"parent":0,"menu_order":0,"comment_status":"closed","ping_status":"closed","template":"","meta":{"_themeisle_gutenberg_block_has_review":false,"footnotes":""},"class_list":["post-673","page","type-page","status-publish","hentry"],"blocksy_meta":{"styles_descriptor":{"styles":{"desktop":"","tablet":"","mobile":""},"google_fonts":[],"version":6}},"aioseo_notices":[],"_links":{"self":[{"href":"https:\/\/evropskozakonodavstvo.rs\/en\/wp-json\/wp\/v2\/pages\/673","targetHints":{"allow":["GET"]}}],"collection":[{"href":"https:\/\/evropskozakonodavstvo.rs\/en\/wp-json\/wp\/v2\/pages"}],"about":[{"href":"https:\/\/evropskozakonodavstvo.rs\/en\/wp-json\/wp\/v2\/types\/page"}],"author":[{"embeddable":true,"href":"https:\/\/evropskozakonodavstvo.rs\/en\/wp-json\/wp\/v2\/users\/1"}],"replies":[{"embeddable":true,"href":"https:\/\/evropskozakonodavstvo.rs\/en\/wp-json\/wp\/v2\/comments?post=673"}],"version-history":[{"count":0,"href":"https:\/\/evropskozakonodavstvo.rs\/en\/wp-json\/wp\/v2\/pages\/673\/revisions"}],"wp:attachment":[{"href":"https:\/\/evropskozakonodavstvo.rs\/en\/wp-json\/wp\/v2\/media?parent=673"}],"curies":[{"name":"wp","href":"https:\/\/api.w.org\/{rel}","templated":true}]}}