{"id":570,"date":"2022-11-06T18:15:54","date_gmt":"2022-11-06T18:15:54","guid":{"rendered":"https:\/\/evropskozakonodavstvo.rs\/editorial-board\/"},"modified":"2025-05-05T19:26:07","modified_gmt":"2025-05-05T19:26:07","slug":"editorial-board","status":"publish","type":"page","link":"https:\/\/evropskozakonodavstvo.rs\/en\/editorial-board\/","title":{"rendered":"Editorial board"},"content":{"rendered":"\n<div id=\"wp-block-themeisle-blocks-advanced-columns-3bff87a9\" class=\"wp-block-themeisle-blocks-advanced-columns has-1-columns has-desktop-equal-layout has-tablet-equal-layout has-mobile-equal-layout has-vertical-unset\"><div class=\"wp-block-themeisle-blocks-advanced-columns-overlay\"><\/div><div class=\"innerblocks-wrap\">\n<div id=\"wp-block-themeisle-blocks-advanced-column-ddb3da0b\" class=\"wp-block-themeisle-blocks-advanced-column\"><\/div>\r\n<\/div><\/div>\n\n<h3 class=\"wp-block-heading\">Editorial Board<\/h3>\n\n<ul class=\"wp-block-list has-medium-font-size\">\n<li>Prof. Dr. Branko RAKI\u0106, Full professor, Faculty of Law, University of Belgrade<\/li>\n\n\n\n<li>Prof. Dr. Rodoljub ETINSKI, Full professor, Faculty of Law, University of Novi SAD, Faculty of law sciences, University of Donja Gorica, Podgorica, Montenegro<\/li>\n\n\n\n<li>Academic prof. Dr. Radovan VUKADINOVI\u0106, Faculty of Law, University of Banja Luka, Bosnia and Herczegovina<\/li>\n\n\n\n<li>Academic prof. Dr. Boris KRIVOKAPI\u0106, Faculty of Business and Law, Univesity MB, Belgrade, Faculty of Law, Samar National University \u201eS. P. Koroljev\u201c, Russian Federation<\/li>\n\n\n\n<li>Prof. Dr. Bojan MILISAVLJEVI\u0106, Full professor, Faculty of Law, University of Belgrade<\/li>\n\n\n\n<li>Prof. Dr. Neboj\u0161a RAI\u010cEVI\u0106, Full professor, Faculty of Law, University of Ni\u0161<\/li>\n\n\n\n<li>Prof. Dr. Sanja \u0110AJI\u0106, Full professor, Faculty of Law, University of Novi Sad<\/li>\n\n\n\n<li>Prof. Dr. Maja LUKI\u0106 RADOVI\u0106, Associate professor, Faculty of Law, University of Belgrade<\/li>\n\n\n\n<li>Prof. Dr. Svetomir \u0160KARI\u0106, Full professor, Faculty of Law Justinian First, University Ss Cirilo and Metodije, Skopje, North Macedonia<\/li>\n\n\n\n<li>Prof. Xenophon CONTIADES, Full professor, Panteion University, Athens, Greece<\/li>\n\n\n\n<li>Prof. Tam\u00e1s SZEML\u00c9R, Associate professor, Faculty of Public Governance and International Studies, University of Public Service, Budapest, Hungary<\/li>\n\n\n\n<li>Prof. Hana KOV\u00c1\u010cIKOV\u00c1, Associate professor, Institute of European Law, Faculty of Law, Comenius University, Bratislava, Slovakia<\/li>\n\n\n\n<li>Prof. Mariana TIAN, Associate professor, Institute for the State and the Law of the Bulgarian Academy of Sciences, Sofia, Bulgaria<\/li>\n\n\n\n<li>Prof. Dr. Dejan JOVI\u0106, Full professor, Faculty of Political Sciences, Croatia<\/li>\n\n\n\n<li>Prof. Dr. Milan JAZBEC, Full professor, NOVA University of Ljubljana, Slovenia<\/li>\n\n\n\n<li>Prof. Aleksandra \u010cAVO\u0160KI, Full professor, Faculty of Law, University of Birmingham, United Kingdom<\/li>\n\n\n\n<li>Dr. Jelena KOSTI\u0106, Senior Research Fellow, Institute of Comparative Law, Belgrade<\/li>\n\n\n\n<li>Dr. Andrijana MI\u0160OVI\u0106, Assistant, Faculty of Law, University of Vienna, Austria<\/li>\n\n\n\n<li>Prof. Dr. Slobodan ZE\u010cEVI\u0106, Full professor, Institute of European Studies, Belgrade<\/li>\n\n\n\n<li>Prof. Dr. Vladimir \u010cOLOVI\u0106, Full professor, Faculty of Law, Union University, Belgrade<\/li>\n\n\n\n<li>Prof. Dr. Dragoljub TODI\u0106, Full professor, Institute of International Politics and Economics, Belgrade<\/li>\n\n\n\n<li>Prof. Dr. Matej SAVI\u0106, Associate professor, Faculty of Political Sciences, University of Banja Luka, Bosnia and Herzegovina<\/li>\n\n\n\n<li>Prof. Dr. Senad GANI\u0106, Associate professor, Department of legal studies, State University Novi Pazar<\/li>\n\n\n\n<li>Dr. Goran NIKOLI\u0106, Principal Research Fellow, Institute of European Studies, Belgrade<\/li>\n\n\n\n<li>Dr. Mihajlo VU\u010cI\u0106, Senior Research Fellow, Institute of International Politics and Economics, Belgrade<\/li>\n\n\n\n<li>Dr. Marko NOVAKOVI\u0106, Senior Research Fellow, Institute of International Politics and Economics, Belgrade<\/li>\n\n\n\n<li>Dr. Sanja KRE\u0160TALICA, Assistant professor, Faculty of Law, University of East Sarajevo, Bosnia and Herzegovina<\/li>\n\n\n\n<li>Dr. Jelena ZVEZDANOVI\u0106 LOBANOVA, Research Fellow, Institute of Social Sciences, Belgrade<\/li>\n\n\n\n<li>Dr. Nevena STANKOVI\u0106, Research Fellow, Institute of International Politics and Economics, Belgrade<\/li>\n\n\n\n<li>Dr. Milan Krsti\u0107, Assistant professor, Faculty of Political Sciences, University of Belgrade, Belgrade<\/li>\n<\/ul>\n","protected":false},"excerpt":{"rendered":"<p>Editorial Board<\/p>\n","protected":false},"author":1,"featured_media":0,"parent":0,"menu_order":0,"comment_status":"closed","ping_status":"closed","template":"","meta":{"_themeisle_gutenberg_block_has_review":false,"footnotes":""},"class_list":["post-570","page","type-page","status-publish","hentry"],"blocksy_meta":{"styles_descriptor":{"styles":{"desktop":"","tablet":"","mobile":""},"google_fonts":[],"version":6}},"aioseo_notices":[],"_links":{"self":[{"href":"https:\/\/evropskozakonodavstvo.rs\/en\/wp-json\/wp\/v2\/pages\/570","targetHints":{"allow":["GET"]}}],"collection":[{"href":"https:\/\/evropskozakonodavstvo.rs\/en\/wp-json\/wp\/v2\/pages"}],"about":[{"href":"https:\/\/evropskozakonodavstvo.rs\/en\/wp-json\/wp\/v2\/types\/page"}],"author":[{"embeddable":true,"href":"https:\/\/evropskozakonodavstvo.rs\/en\/wp-json\/wp\/v2\/users\/1"}],"replies":[{"embeddable":true,"href":"https:\/\/evropskozakonodavstvo.rs\/en\/wp-json\/wp\/v2\/comments?post=570"}],"version-history":[{"count":0,"href":"https:\/\/evropskozakonodavstvo.rs\/en\/wp-json\/wp\/v2\/pages\/570\/revisions"}],"wp:attachment":[{"href":"https:\/\/evropskozakonodavstvo.rs\/en\/wp-json\/wp\/v2\/media?parent=570"}],"curies":[{"name":"wp","href":"https:\/\/api.w.org\/{rel}","templated":true}]}}