{"id":554,"date":"2022-11-06T17:37:54","date_gmt":"2022-11-06T17:37:54","guid":{"rendered":"https:\/\/evropskozakonodavstvo.rs\/editorial-team\/"},"modified":"2023-10-13T12:10:45","modified_gmt":"2023-10-13T12:10:45","slug":"editorial-team","status":"publish","type":"page","link":"https:\/\/evropskozakonodavstvo.rs\/en\/editorial-team\/","title":{"rendered":"Editorial team"},"content":{"rendered":"\n<div id=\"wp-block-themeisle-blocks-advanced-columns-4e04aca3\" class=\"wp-block-themeisle-blocks-advanced-columns has-1-columns has-desktop-equal-layout has-tablet-equal-layout has-mobile-equal-layout has-vertical-unset\"><div class=\"wp-block-themeisle-blocks-advanced-columns-overlay\"><\/div><div class=\"innerblocks-wrap\">\n<div id=\"wp-block-themeisle-blocks-advanced-column-8ceb5367\" class=\"wp-block-themeisle-blocks-advanced-column\"><\/div>\r\n<\/div><\/div>\n\n<h3 class=\"wp-block-heading\">Editor-in-Chief<\/h3>\n\n<p class=\"has-medium-font-size\">Dr Du\u0161ko DIMITRIJEVI\u0106<\/p>\n\n<h3 class=\"wp-block-heading\">Deputy Editor-in-Chief<\/h3>\n\n<p class=\"has-medium-font-size\">Dr Jelica GORDANI\u0106<\/p>\n\n<h3 class=\"wp-block-heading\">Secretary<\/h3>\n\n<p class=\"has-medium-font-size\">Dr Jovana TIJANI\u0106<\/p>\n\n<h3 class=\"wp-block-heading\">Contact<\/h3>\n\n<p class=\"has-medium-font-size\"><a href=\"mailto:ez@diplomacy.bg.ac.rs\">ez@diplomacy.bg.ac.rs<\/a><\/p>\n","protected":false},"excerpt":{"rendered":"<p>Editor-in-Chief Dr Du\u0161ko DIMITRIJEVI\u0106 Deputy Editor-in-Chief Dr Jelica GORDANI\u0106 Secretary Dr Jovana TIJANI\u0106 Contact ez@diplomacy.bg.ac.rs<\/p>\n","protected":false},"author":1,"featured_media":0,"parent":0,"menu_order":0,"comment_status":"closed","ping_status":"closed","template":"","meta":{"_themeisle_gutenberg_block_has_review":false,"footnotes":""},"class_list":["post-554","page","type-page","status-publish","hentry"],"blocksy_meta":{"styles_descriptor":{"styles":{"desktop":"","tablet":"","mobile":""},"google_fonts":[],"version":6}},"aioseo_notices":[],"_links":{"self":[{"href":"https:\/\/evropskozakonodavstvo.rs\/en\/wp-json\/wp\/v2\/pages\/554","targetHints":{"allow":["GET"]}}],"collection":[{"href":"https:\/\/evropskozakonodavstvo.rs\/en\/wp-json\/wp\/v2\/pages"}],"about":[{"href":"https:\/\/evropskozakonodavstvo.rs\/en\/wp-json\/wp\/v2\/types\/page"}],"author":[{"embeddable":true,"href":"https:\/\/evropskozakonodavstvo.rs\/en\/wp-json\/wp\/v2\/users\/1"}],"replies":[{"embeddable":true,"href":"https:\/\/evropskozakonodavstvo.rs\/en\/wp-json\/wp\/v2\/comments?post=554"}],"version-history":[{"count":0,"href":"https:\/\/evropskozakonodavstvo.rs\/en\/wp-json\/wp\/v2\/pages\/554\/revisions"}],"wp:attachment":[{"href":"https:\/\/evropskozakonodavstvo.rs\/en\/wp-json\/wp\/v2\/media?parent=554"}],"curies":[{"name":"wp","href":"https:\/\/api.w.org\/{rel}","templated":true}]}}